{"id":1699,"date":"2022-07-20T14:55:20","date_gmt":"2022-07-20T14:55:20","guid":{"rendered":"https:\/\/tominejoecolodge.com\/?page_id=1699"},"modified":"2024-10-02T01:22:42","modified_gmt":"2024-10-02T01:22:42","slug":"blog","status":"publish","type":"page","link":"https:\/\/tominejoecolodge.com\/en\/blog\/","title":{"rendered":"Blog"},"content":{"rendered":"<div data-elementor-type=\"wp-page\" data-elementor-id=\"1699\" class=\"elementor elementor-1699\" data-elementor-post-type=\"page\">\n\t\t\t\t\t\t<section class=\"elementor-section elementor-top-section elementor-element elementor-element-82be29c elementor-section-boxed elementor-section-height-default elementor-section-height-default\" data-id=\"82be29c\" data-element_type=\"section\" data-e-type=\"section\">\n\t\t\t\t\t\t<div class=\"elementor-container elementor-column-gap-default\">\n\t\t\t\t\t<div class=\"elementor-column elementor-col-100 elementor-top-column elementor-element elementor-element-ae8c9da\" data-id=\"ae8c9da\" data-element_type=\"column\" data-e-type=\"column\">\n\t\t\t<div class=\"elementor-widget-wrap elementor-element-populated\">\n\t\t\t\t\t\t<div class=\"elementor-element elementor-element-329d516 premium-blog-align-left elementor-widget elementor-widget-premium-addon-blog\" data-id=\"329d516\" data-element_type=\"widget\" data-e-type=\"widget\" data-settings=\"{&quot;premium_blog_layout&quot;:&quot;masonry&quot;,&quot;premium_blog_columns_number&quot;:&quot;33.33%&quot;,&quot;premium_blog_grid&quot;:&quot;yes&quot;,&quot;premium_blog_columns_number_tablet&quot;:&quot;50%&quot;,&quot;premium_blog_columns_number_mobile&quot;:&quot;100%&quot;}\" data-widget_type=\"premium-addon-blog.default\">\n\t\t\t\t<div class=\"elementor-widget-container\">\n\t\t\t\t\t\r\n\t\t\r\n\r\n\t\t\t\t<div class=\"premium-blog-wrap  premium-blog-masonry\" data-page=\"1699\">\r\n\t\t\t\t\t\t\t\t\t<div class=\"premium-blog-post-outer-container\" data-total=\"1\">\r\n\t\t\t<div class=\"premium-blog-post-container premium-blog-skin-classic\">\r\n\t\t\t\t\t\t\t\t\t\t\t\t<div class=\"premium-blog-content-wrapper empty-thumb\">\r\n\r\n\t\t\t\t\t<div class=\"premium-blog-inner-container\">\r\n\r\n\t\t\t\t\t\t\t\t\t\t\t\t\t\t<h2 class=\"premium-blog-entry-title\">\r\n\t\t\t<a href=\"https:\/\/tominejoecolodge.com\/en\/cafe\/\" target=\"_blank\">\r\n\t\t\t\tNUESTRO CAF\u00c9\t\t\t<\/a>\r\n\t\t<\/h2>\r\n\t\t\t\t<div class=\"premium-blog-entry-meta\">\r\n\t\t\t\r\n\t\t\t\r\n\t\t\t\r\n\t\t\t\t\t<\/div>\r\n\t\t\r\n\t\t\t\t\t<\/div>\r\n\r\n\t\t\t\t\t\t\t<div class=\"premium-blog-content-inner-wrapper\">\r\n\t\t<p class=\"premium-blog-post-content\">La m\u00fasica de las plantas y la m\u00fasica del Caf\u00e9: escuchar lo esencial &nbsp; \u25b6\ufe0f Play Iniciamos este camino pregunt\u00e1ndonos por el \u2026<\/p>\t\t<\/div>\r\n\t\t\t\t\t\t\t\r\n\t\t\t\t<\/div>\r\n\t\t\t<\/div>\r\n\t\t<\/div>\r\n\r\n\t\t\t\t<div class=\"premium-blog-post-outer-container\" data-total=\"1\">\r\n\t\t\t<div class=\"premium-blog-post-container premium-blog-skin-classic\">\r\n\t\t\t\t\t\t\t\t\t<div class=\"premium-blog-thumb-effect-wrapper\">\r\n\t\t\t\t\t\t<div class=\"premium-blog-thumbnail-container premium-blog-zoomin-effect\">\r\n\t\t\t\t\t\t\t<img fetchpriority=\"high\" decoding=\"async\" width=\"1104\" height=\"958\" src=\"https:\/\/tominejoecolodge.com\/wp-content\/uploads\/2022\/12\/portada-casas-arboles-01.jpg\" class=\"attachment-full size-full wp-image-2577\" alt=\"\" srcset=\"https:\/\/tominejoecolodge.com\/wp-content\/uploads\/2022\/12\/portada-casas-arboles-01.jpg 1104w, https:\/\/tominejoecolodge.com\/wp-content\/uploads\/2022\/12\/portada-casas-arboles-01-300x260.jpg 300w, https:\/\/tominejoecolodge.com\/wp-content\/uploads\/2022\/12\/portada-casas-arboles-01-1024x889.jpg 1024w, https:\/\/tominejoecolodge.com\/wp-content\/uploads\/2022\/12\/portada-casas-arboles-01-768x666.jpg 768w, https:\/\/tominejoecolodge.com\/wp-content\/uploads\/2022\/12\/portada-casas-arboles-01-14x12.jpg 14w, https:\/\/tominejoecolodge.com\/wp-content\/uploads\/2022\/12\/portada-casas-arboles-01-500x434.jpg 500w, https:\/\/tominejoecolodge.com\/wp-content\/uploads\/2022\/12\/portada-casas-arboles-01-800x694.jpg 800w\" sizes=\"(max-width: 1104px) 100vw, 1104px\" \/>\t\t\t\t\t\t<\/div>\r\n\t\t\t\t\t\t\t\t\t\t\t\t\t<div class=\"premium-blog-thumbnail-overlay\">\r\n\t\t\t\t\t\t\t\t<a class=\"elementor-icon\" href=\"https:\/\/tominejoecolodge.com\/en\/las-casas-en-los-arboles\/\" target=\"_blank\"><\/a>\r\n\t\t\t\t\t\t\t<\/div>\r\n\r\n\t\t\t\t\t\t\t\t\t\t\t\t\t\t\t\t\t\t<\/div>\r\n\t\t\t\t\t\t\t\t\t\t\t\t<div class=\"premium-blog-content-wrapper\">\r\n\r\n\t\t\t\t\t<div class=\"premium-blog-inner-container\">\r\n\r\n\t\t\t\t\t\t\t\t\t\t\t\t\t\t<h2 class=\"premium-blog-entry-title\">\r\n\t\t\t<a href=\"https:\/\/tominejoecolodge.com\/en\/las-casas-en-los-arboles\/\" target=\"_blank\">\r\n\t\t\t\t\u00a1Las casas En los \u00e1rboles!\t\t\t<\/a>\r\n\t\t<\/h2>\r\n\t\t\t\t<div class=\"premium-blog-entry-meta\">\r\n\t\t\t\r\n\t\t\t\r\n\t\t\t\r\n\t\t\t\t\t<\/div>\r\n\t\t\r\n\t\t\t\t\t<\/div>\r\n\r\n\t\t\t\t\t\t\t<div class=\"premium-blog-content-inner-wrapper\">\r\n\t\t<p class=\"premium-blog-post-content\">Te contamos un poco sobre nosotros; en Tominejo valoramos mucho los \u00e1rboles, son un elemento fundamental para la conservaci\u00f3n de la biodiversidad. \u2026<\/p>\t\t<\/div>\r\n\t\t\t\t\t\t\t\r\n\t\t\t\t<\/div>\r\n\t\t\t<\/div>\r\n\t\t<\/div>\r\n\r\n\t\t\t\t<div class=\"premium-blog-post-outer-container\" data-total=\"1\">\r\n\t\t\t<div class=\"premium-blog-post-container premium-blog-skin-classic\">\r\n\t\t\t\t\t\t\t\t\t<div class=\"premium-blog-thumb-effect-wrapper\">\r\n\t\t\t\t\t\t<div class=\"premium-blog-thumbnail-container premium-blog-zoomin-effect\">\r\n\t\t\t\t\t\t\t<img decoding=\"async\" width=\"921\" height=\"834\" src=\"https:\/\/tominejoecolodge.com\/wp-content\/uploads\/2022\/12\/2-version-armadillo_Mesa-de-trabajo-1.png\" class=\"attachment-full size-full wp-image-2563\" alt=\"\" srcset=\"https:\/\/tominejoecolodge.com\/wp-content\/uploads\/2022\/12\/2-version-armadillo_Mesa-de-trabajo-1.png 921w, https:\/\/tominejoecolodge.com\/wp-content\/uploads\/2022\/12\/2-version-armadillo_Mesa-de-trabajo-1-300x272.png 300w, https:\/\/tominejoecolodge.com\/wp-content\/uploads\/2022\/12\/2-version-armadillo_Mesa-de-trabajo-1-768x695.png 768w, https:\/\/tominejoecolodge.com\/wp-content\/uploads\/2022\/12\/2-version-armadillo_Mesa-de-trabajo-1-13x12.png 13w, https:\/\/tominejoecolodge.com\/wp-content\/uploads\/2022\/12\/2-version-armadillo_Mesa-de-trabajo-1-500x453.png 500w, https:\/\/tominejoecolodge.com\/wp-content\/uploads\/2022\/12\/2-version-armadillo_Mesa-de-trabajo-1-800x724.png 800w\" sizes=\"(max-width: 921px) 100vw, 921px\" \/>\t\t\t\t\t\t<\/div>\r\n\t\t\t\t\t\t\t\t\t\t\t\t\t<div class=\"premium-blog-thumbnail-overlay\">\r\n\t\t\t\t\t\t\t\t<a class=\"elementor-icon\" href=\"https:\/\/tominejoecolodge.com\/en\/fauna-silvestre-en-libertad\/\" target=\"_blank\"><\/a>\r\n\t\t\t\t\t\t\t<\/div>\r\n\r\n\t\t\t\t\t\t\t\t\t\t\t\t\t\t\t\t\t\t<\/div>\r\n\t\t\t\t\t\t\t\t\t\t\t\t<div class=\"premium-blog-content-wrapper\">\r\n\r\n\t\t\t\t\t<div class=\"premium-blog-inner-container\">\r\n\r\n\t\t\t\t\t\t\t\t\t\t\t\t\t\t<h2 class=\"premium-blog-entry-title\">\r\n\t\t\t<a href=\"https:\/\/tominejoecolodge.com\/en\/fauna-silvestre-en-libertad\/\" target=\"_blank\">\r\n\t\t\t\tFauna silvestre en libertad\t\t\t<\/a>\r\n\t\t<\/h2>\r\n\t\t\t\t<div class=\"premium-blog-entry-meta\">\r\n\t\t\t\r\n\t\t\t\r\n\t\t\t\r\n\t\t\t\t\t<\/div>\r\n\t\t\r\n\t\t\t\t\t<\/div>\r\n\r\n\t\t\t\t\t\t\t<div class=\"premium-blog-content-inner-wrapper\">\r\n\t\t<p class=\"premium-blog-post-content\">La biodiversidad (BD) es el conjunto de las m\u00faltiples y diversas formas en que se manifiesta la vida en la Tierra. Agrupa \u2026<\/p>\t\t<\/div>\r\n\t\t\t\t\t\t\t\r\n\t\t\t\t<\/div>\r\n\t\t\t<\/div>\r\n\t\t<\/div>\r\n\r\n\t\t\t\t<div class=\"premium-blog-post-outer-container\" data-total=\"1\">\r\n\t\t\t<div class=\"premium-blog-post-container premium-blog-skin-classic\">\r\n\t\t\t\t\t\t\t\t\t<div class=\"premium-blog-thumb-effect-wrapper\">\r\n\t\t\t\t\t\t<div class=\"premium-blog-thumbnail-container premium-blog-zoomin-effect\">\r\n\t\t\t\t\t\t\t<img decoding=\"async\" width=\"2194\" height=\"2341\" src=\"https:\/\/tominejoecolodge.com\/wp-content\/uploads\/2022\/11\/colibri-y-neira_final-01-1.jpg\" class=\"attachment-full size-full wp-image-2539\" alt=\"Pasando Cielito Lindo aparecen sorpresivamente las casas de Neira, casi todas con techos de teja de barro en un bonito y conservado conjunto arquitect\u00f3nico, en el que sobresale el Parque con la Iglesia de San Juan Bautista.\" srcset=\"https:\/\/tominejoecolodge.com\/wp-content\/uploads\/2022\/11\/colibri-y-neira_final-01-1.jpg 2194w, https:\/\/tominejoecolodge.com\/wp-content\/uploads\/2022\/11\/colibri-y-neira_final-01-1-281x300.jpg 281w, https:\/\/tominejoecolodge.com\/wp-content\/uploads\/2022\/11\/colibri-y-neira_final-01-1-960x1024.jpg 960w, https:\/\/tominejoecolodge.com\/wp-content\/uploads\/2022\/11\/colibri-y-neira_final-01-1-768x819.jpg 768w, https:\/\/tominejoecolodge.com\/wp-content\/uploads\/2022\/11\/colibri-y-neira_final-01-1-1440x1536.jpg 1440w, https:\/\/tominejoecolodge.com\/wp-content\/uploads\/2022\/11\/colibri-y-neira_final-01-1-1919x2048.jpg 1919w, https:\/\/tominejoecolodge.com\/wp-content\/uploads\/2022\/11\/colibri-y-neira_final-01-1-11x12.jpg 11w, https:\/\/tominejoecolodge.com\/wp-content\/uploads\/2022\/11\/colibri-y-neira_final-01-1-500x534.jpg 500w, https:\/\/tominejoecolodge.com\/wp-content\/uploads\/2022\/11\/colibri-y-neira_final-01-1-800x854.jpg 800w, https:\/\/tominejoecolodge.com\/wp-content\/uploads\/2022\/11\/colibri-y-neira_final-01-1-1280x1366.jpg 1280w, https:\/\/tominejoecolodge.com\/wp-content\/uploads\/2022\/11\/colibri-y-neira_final-01-1-1920x2049.jpg 1920w\" sizes=\"(max-width: 2194px) 100vw, 2194px\" \/>\t\t\t\t\t\t<\/div>\r\n\t\t\t\t\t\t\t\t\t\t\t\t\t<div class=\"premium-blog-thumbnail-overlay\">\r\n\t\t\t\t\t\t\t\t<a class=\"elementor-icon\" href=\"https:\/\/tominejoecolodge.com\/en\/neira\/\" target=\"_blank\"><\/a>\r\n\t\t\t\t\t\t\t<\/div>\r\n\r\n\t\t\t\t\t\t\t\t\t\t\t\t\t\t\t\t\t\t<\/div>\r\n\t\t\t\t\t\t\t\t\t\t\t\t<div class=\"premium-blog-content-wrapper\">\r\n\r\n\t\t\t\t\t<div class=\"premium-blog-inner-container\">\r\n\r\n\t\t\t\t\t\t\t\t\t\t\t\t\t\t<h2 class=\"premium-blog-entry-title\">\r\n\t\t\t<a href=\"https:\/\/tominejoecolodge.com\/en\/neira\/\" target=\"_blank\">\r\n\t\t\t\t\u00bfCorcho y qu\u00e9 m\u00e1s es Neira?\t\t\t<\/a>\r\n\t\t<\/h2>\r\n\t\t\t\t<div class=\"premium-blog-entry-meta\">\r\n\t\t\t\r\n\t\t\t\r\n\t\t\t\r\n\t\t\t\t\t<\/div>\r\n\t\t\r\n\t\t\t\t\t<\/div>\r\n\r\n\t\t\t\t\t\t\t<div class=\"premium-blog-content-inner-wrapper\">\r\n\t\t<p class=\"premium-blog-post-content\">El municipio de Neira es tambi\u00e9n llamado La Perla del Roble, la Puerta del Norte o La ciudad del Corcho, fue fundado \u2026<\/p>\t\t<\/div>\r\n\t\t\t\t\t\t\t\r\n\t\t\t\t<\/div>\r\n\t\t\t<\/div>\r\n\t\t<\/div>\r\n\r\n\t\t\t\t\t\t\t<\/div>\r\n\r\n\t\t\r\n\t\t\r\n\t\t\t\t\t\t<\/div>\n\t\t\t\t<\/div>\n\t\t\t\t\t<\/div>\n\t\t<\/div>\n\t\t\t\t\t<\/div>\n\t\t<\/section>\n\t\t\t\t<section class=\"elementor-section elementor-top-section elementor-element elementor-element-2eddb43 elementor-section-boxed elementor-section-height-default elementor-section-height-default\" data-id=\"2eddb43\" data-element_type=\"section\" data-e-type=\"section\">\n\t\t\t\t\t\t<div class=\"elementor-container elementor-column-gap-default\">\n\t\t\t\t\t<div class=\"elementor-column elementor-col-50 elementor-top-column elementor-element elementor-element-94f7d86\" data-id=\"94f7d86\" data-element_type=\"column\" data-e-type=\"column\">\n\t\t\t<div class=\"elementor-widget-wrap\">\n\t\t\t\t\t\t\t<\/div>\n\t\t<\/div>\n\t\t\t\t<div class=\"elementor-column elementor-col-50 elementor-top-column elementor-element elementor-element-6d2067a\" data-id=\"6d2067a\" data-element_type=\"column\" data-e-type=\"column\">\n\t\t\t<div class=\"elementor-widget-wrap\">\n\t\t\t\t\t\t\t<\/div>\n\t\t<\/div>\n\t\t\t\t\t<\/div>\n\t\t<\/section>\n\t\t\t\t<\/div>","protected":false},"excerpt":{"rendered":"<p>Yarumo Negro (cecropia angustifolia) Yarumo Negro (cecropia angustifolia) Array\u00e1n de Manizales (lafoensia punisifolia) Array\u00e1n de Manizales (lafoensia punisifolia) Chilca (baccharis salicifolia) Chilca (baccharis salicifolia) Camargo (verbesina arborea) Camargo (verbesina arborea) \u00a1Las casas En los \u00e1rboles! \u00a1Las casas En los \u00e1rboles! Te contamos un poco sobre nosotros; en Tominejo valoramos mucho los \u00e1rboles, son un elemento [&hellip;]<\/p>\n","protected":false},"author":1,"featured_media":0,"parent":0,"menu_order":0,"comment_status":"closed","ping_status":"closed","template":"","meta":{"site-sidebar-layout":"no-sidebar","site-content-layout":"page-builder","ast-site-content-layout":"full-width-container","site-content-style":"unboxed","site-sidebar-style":"unboxed","ast-global-header-display":"","ast-banner-title-visibility":"","ast-main-header-display":"","ast-hfb-above-header-display":"","ast-hfb-below-header-display":"","ast-hfb-mobile-header-display":"","site-post-title":"disabled","ast-breadcrumbs-content":"","ast-featured-img":"disabled","footer-sml-layout":"","ast-disable-related-posts":"","theme-transparent-header-meta":"default","adv-header-id-meta":"","stick-header-meta":"","header-above-stick-meta":"","header-main-stick-meta":"","header-below-stick-meta":"","astra-migrate-meta-layouts":"set","ast-page-background-enabled":"default","ast-page-background-meta":{"desktop":{"background-color":"var(--ast-global-color-4)","background-image":"","background-repeat":"repeat","background-position":"center center","background-size":"auto","background-attachment":"scroll","background-type":"","background-media":"","overlay-type":"","overlay-color":"","overlay-opacity":"","overlay-gradient":""},"tablet":{"background-color":"","background-image":"","background-repeat":"repeat","background-position":"center center","background-size":"auto","background-attachment":"scroll","background-type":"","background-media":"","overlay-type":"","overlay-color":"","overlay-opacity":"","overlay-gradient":""},"mobile":{"background-color":"","background-image":"","background-repeat":"repeat","background-position":"center center","background-size":"auto","background-attachment":"scroll","background-type":"","background-media":"","overlay-type":"","overlay-color":"","overlay-opacity":"","overlay-gradient":""}},"ast-content-background-meta":{"desktop":{"background-color":"var(--ast-global-color-5)","background-image":"","background-repeat":"repeat","background-position":"center center","background-size":"auto","background-attachment":"scroll","background-type":"","background-media":"","overlay-type":"","overlay-color":"","overlay-opacity":"","overlay-gradient":""},"tablet":{"background-color":"var(--ast-global-color-5)","background-image":"","background-repeat":"repeat","background-position":"center center","background-size":"auto","background-attachment":"scroll","background-type":"","background-media":"","overlay-type":"","overlay-color":"","overlay-opacity":"","overlay-gradient":""},"mobile":{"background-color":"var(--ast-global-color-5)","background-image":"","background-repeat":"repeat","background-position":"center center","background-size":"auto","background-attachment":"scroll","background-type":"","background-media":"","overlay-type":"","overlay-color":"","overlay-opacity":"","overlay-gradient":""}},"_vp_format_video_url":"","_vp_image_focal_point":[],"_joinchat":[],"footnotes":""},"class_list":["post-1699","page","type-page","status-publish","hentry"],"aioseo_notices":[],"_links":{"self":[{"href":"https:\/\/tominejoecolodge.com\/en\/wp-json\/wp\/v2\/pages\/1699","targetHints":{"allow":["GET"]}}],"collection":[{"href":"https:\/\/tominejoecolodge.com\/en\/wp-json\/wp\/v2\/pages"}],"about":[{"href":"https:\/\/tominejoecolodge.com\/en\/wp-json\/wp\/v2\/types\/page"}],"author":[{"embeddable":true,"href":"https:\/\/tominejoecolodge.com\/en\/wp-json\/wp\/v2\/users\/1"}],"replies":[{"embeddable":true,"href":"https:\/\/tominejoecolodge.com\/en\/wp-json\/wp\/v2\/comments?post=1699"}],"version-history":[{"count":20,"href":"https:\/\/tominejoecolodge.com\/en\/wp-json\/wp\/v2\/pages\/1699\/revisions"}],"predecessor-version":[{"id":3244,"href":"https:\/\/tominejoecolodge.com\/en\/wp-json\/wp\/v2\/pages\/1699\/revisions\/3244"}],"wp:attachment":[{"href":"https:\/\/tominejoecolodge.com\/en\/wp-json\/wp\/v2\/media?parent=1699"}],"curies":[{"name":"wp","href":"https:\/\/api.w.org\/{rel}","templated":true}]}}