{"id":1505,"date":"2022-06-10T21:08:52","date_gmt":"2022-06-10T21:08:52","guid":{"rendered":"https:\/\/tominejoecolodge.com\/?page_id=1505"},"modified":"2022-06-11T01:36:37","modified_gmt":"2022-06-11T01:36:37","slug":"politicas-de-tominejo-ecolodge","status":"publish","type":"page","link":"https:\/\/tominejoecolodge.com\/en\/politicas-de-tominejo-ecolodge\/","title":{"rendered":"Tominejo ecolodge policies"},"content":{"rendered":"\t\t<div data-elementor-type=\"wp-page\" data-elementor-id=\"1505\" class=\"elementor elementor-1505\" data-elementor-post-type=\"page\">\n\t\t\t\t\t\t<section class=\"elementor-section elementor-top-section elementor-element elementor-element-b2d2fe6 elementor-section-full_width elementor-section-height-min-height elementor-section-height-default elementor-section-items-middle\" data-id=\"b2d2fe6\" data-element_type=\"section\" data-e-type=\"section\" data-settings=\"{&quot;background_background&quot;:&quot;slideshow&quot;,&quot;background_slideshow_gallery&quot;:[{&quot;id&quot;:1480,&quot;url&quot;:&quot;http:\\\/\\\/tominejoecolodge.com\\\/wp-content\\\/uploads\\\/2022\\\/06\\\/Politicas.jpg&quot;}],&quot;background_slideshow_loop&quot;:&quot;yes&quot;,&quot;background_slideshow_slide_duration&quot;:5000,&quot;background_slideshow_slide_transition&quot;:&quot;fade&quot;,&quot;background_slideshow_transition_duration&quot;:500}\">\n\t\t\t\t\t\t<div class=\"elementor-container elementor-column-gap-default\">\n\t\t\t\t\t<div class=\"elementor-column elementor-col-100 elementor-top-column elementor-element elementor-element-96e631f\" data-id=\"96e631f\" data-element_type=\"column\" data-e-type=\"column\">\n\t\t\t<div class=\"elementor-widget-wrap\">\n\t\t\t\t\t\t\t<\/div>\n\t\t<\/div>\n\t\t\t\t\t<\/div>\n\t\t<\/section>\n\t\t\t\t<section class=\"elementor-section elementor-top-section elementor-element elementor-element-a1672dc elementor-section-boxed elementor-section-height-default elementor-section-height-default\" data-id=\"a1672dc\" data-element_type=\"section\" data-e-type=\"section\" data-settings=\"{&quot;background_background&quot;:&quot;classic&quot;}\">\n\t\t\t\t\t\t<div class=\"elementor-container elementor-column-gap-default\">\n\t\t\t\t\t<div class=\"elementor-column elementor-col-100 elementor-top-column elementor-element elementor-element-0d79a37\" data-id=\"0d79a37\" data-element_type=\"column\" data-e-type=\"column\">\n\t\t\t<div class=\"elementor-widget-wrap elementor-element-populated\">\n\t\t\t\t\t\t<div class=\"elementor-element elementor-element-6e23c6b elementor-widget elementor-widget-spacer\" data-id=\"6e23c6b\" data-element_type=\"widget\" data-e-type=\"widget\" data-widget_type=\"spacer.default\">\n\t\t\t\t<div class=\"elementor-widget-container\">\n\t\t\t\t\t\t\t<div class=\"elementor-spacer\">\n\t\t\t<div class=\"elementor-spacer-inner\"><\/div>\n\t\t<\/div>\n\t\t\t\t\t\t<\/div>\n\t\t\t\t<\/div>\n\t\t\t\t<div class=\"elementor-element elementor-element-5efdc72 elementor-widget elementor-widget-heading\" data-id=\"5efdc72\" data-element_type=\"widget\" data-e-type=\"widget\" data-widget_type=\"heading.default\">\n\t\t\t\t<div class=\"elementor-widget-container\">\n\t\t\t\t\t<h1 class=\"elementor-heading-title elementor-size-default\">Pol\u00edticas de Tominejo Ecolodge<\/h1>\t\t\t\t<\/div>\n\t\t\t\t<\/div>\n\t\t\t\t\t<\/div>\n\t\t<\/div>\n\t\t\t\t\t<\/div>\n\t\t<\/section>\n\t\t\t\t<section class=\"elementor-section elementor-top-section elementor-element elementor-element-1396178 elementor-section-boxed elementor-section-height-default elementor-section-height-default\" data-id=\"1396178\" data-element_type=\"section\" data-e-type=\"section\" data-settings=\"{&quot;background_background&quot;:&quot;classic&quot;}\">\n\t\t\t\t\t\t<div class=\"elementor-container elementor-column-gap-default\">\n\t\t\t\t\t<div class=\"elementor-column elementor-col-100 elementor-top-column elementor-element elementor-element-7f278b5\" data-id=\"7f278b5\" data-element_type=\"column\" data-e-type=\"column\">\n\t\t\t<div class=\"elementor-widget-wrap elementor-element-populated\">\n\t\t\t\t\t\t<div class=\"elementor-element elementor-element-9357431 elementor-widget elementor-widget-text-editor\" data-id=\"9357431\" data-element_type=\"widget\" data-e-type=\"widget\" data-widget_type=\"text-editor.default\">\n\t\t\t\t<div class=\"elementor-widget-container\">\n\t\t\t\t\t\t\t\t\t<p><b>Piranga Roja:<\/b><br \/>Es una estructura con una elevaci\u00f3n de 11 metros que le confiere una panor\u00e1mica muy especial hacia los doseles de los \u00e1rboles, ya que se encuentra inmersa en un espeso bosque. Tres hermosos \u00e1rboles se integran arm\u00f3nicamente a la casa. Cuenta con dos habitaciones tipo est\u00e1ndar, una ducha de concepto abierto, un ba\u00f1o, un balc\u00f3n y una terraza, desde los cuales se aprecia la exuberancia de la naturaleza y se percibe el hermoso sonido del agua de la quebrada Tominejo.<\/p><p><b>T\u00e1ngara Dorada:<\/b><br \/>Es una caba\u00f1a construida en madera. Su estructura tiene una elevaci\u00f3n de 8 metros que permite apreciar desde lo alto la hermosura del paisaje. Tiene un dise\u00f1o muy especial del que hacen parte 4 \u00e1rboles, que le dan una gran autenticidad.<\/p><p>En el primer nivel se encuentra una habitaci\u00f3n con una cama doble y con dos altillos, cada uno con su respectiva cama. Cuenta con un ba\u00f1o privado y dos balcones hacia el bosque.<\/p><p>Para ingresar al segundo nivel se cruza un puente de madera rodeado de Arbolocos, Sietecueros y Niguitos. Aqu\u00ed encontramos una habitaci\u00f3n tipo Suite con ba\u00f1o privado y una habitaci\u00f3n est\u00e1ndar.<\/p><p><b>\u00bfQu\u00e9 incluye la tarifa?<\/b><\/p><p>La tarifa incluye el desayuno por persona, adem\u00e1s, las actividades de senderismo al aire libre con acompa\u00f1amiento sin costo. Contamos con 2 senderos a trav\u00e9s del bosque, cada uno con diferente grado de dificultad, pasando por dos fuentes de agua, una de ellas con una cascada y piscina natural. Tambi\u00e9n se avistamiento de aves que se puede desarrollar de manera aut\u00f3noma.<\/p><p>Cerramos la noche con una fogata para tener un espacio para conversar y disfrutar de la luna y las estrellas.<\/p><p>Contamos con un telescopio de paisaje y con juegos de mesa.<\/p><p><br \/><strong>Servicios:<\/strong><\/p><p>\u2022 Agua Caliente<br \/>\u2022 Avistamiento de Aves<br \/>\u2022 Mirador y Terrazas<br \/>\u2022 Libros<br \/>\u2022 Senderismo<br \/>\u2022 Fogata<br \/>\u2022 Wifi en Habitaci\u00f3n<br \/>\u2022 Servicio de Parking<br \/>\u2022 Comedor<br \/>\u2022 Espacio de Trabajo<\/p><p><strong>Pol\u00edticas de llegada \/ salida<\/strong><\/p><p>Llegada: 15:00 pm<br \/>Salida: 13:00 pm<\/p><p><b>Pol\u00edtica de cancelaciones y reembolsos.<\/b><\/p><p>Teniendo en cuenta que pueden existir contingencias que puedan llegar a afectar su reserva en nuestro hotel, manifestamos que nuestra intenci\u00f3n es concertar la soluci\u00f3n de \u00e9stas.<\/p><p>Las cancelaciones solo ser\u00e1n aceptadas si son realizadas v\u00eda correo electr\u00f3nico. Puede cancelar sus reservas en cualquier momento, teniendo en cuenta lo siguiente:<\/p><p>\u2022 Cancelando con 5 d\u00edas o menos de antelaci\u00f3n a la fecha de su ingreso se cobrar\u00e1 el 50% del dep\u00f3sito pagado a cuenta.<\/p><p>\u2022 En caso de no presentarse en el hotel el d\u00eda de llegada establecido, o de no informar de una cancelaci\u00f3n total de su reserva, el cargo del 100% de su estad\u00eda ser\u00e1 tomado en concepto de penalidad.<\/p><p>En los casos donde se soliciten devoluciones por transferencia bancaria, los gastos que se puedan producir correr\u00e1n por cuenta del cliente.<\/p><p><b>Re Agendamiento<\/b><\/p><p>Contamos con la opci\u00f3n de re agendamiento dentro de un plazo m\u00e1ximo de 3 meses, contando desde la fecha en que se realiz\u00f3 la reserva. Al realizar este re agendamiento no ser\u00e1 posible solicitar despu\u00e9s reembolso de tu reserva.<\/p><p>\u2022 Se debe solicitar el re agendamiento por correo electr\u00f3nico m\u00ednimo 5 d\u00edas antes (Para casos especiales se debe exponer el caso v\u00eda correo electr\u00f3nico).<\/p><p>\u2022 Las fechas est\u00e1n sujetas a disponibilidad y no aplican para temporada alta (Semana Santa y del 15 de diciembre al 15 de enero).<\/p><p>\u2022 Se deben respetar los d\u00edas de la semana para los que se reserv\u00f3, o cancelar el excedente en caso de que las nuevas fechas elegidas tengan una tarifa mayor.<\/p><p><strong>Tarifas no reembolsables o promocionales<\/strong><\/p><p>Las reservas efectuadas bajo la condici\u00f3n de Tarifas No Reembolsables o promociones, ser\u00e1n cobradas en su totalidad al momento de efectuar la reserva. Las mismas no podr\u00e1n cancelarse y solo podr\u00e1n ser modificadas siempre y cuando exista disponibilidad en el hotel.<\/p><p><b>Pol\u00edtica de ni\u00f1os<\/b><\/p><p>Tominejo es un espacio espacial para ni\u00f1os de todas las edades. Los ni\u00f1os menores de 5 a\u00f1os solo deber\u00e1n pagar el valor de la alimentaci\u00f3n seg\u00fan el cuadro de tarifas. Los ni\u00f1os de 6 a\u00f1os o mayores pagan tarifa normal.<\/p><p><br \/><strong>T\u00e9rminos y condiciones<\/strong><\/p><p>\u2022 El ingreso de menores de edad sin la compa\u00f1\u00eda de sus padres no est\u00e1 permitido y en caso de ni\u00f1os menores de 12 a\u00f1os deben permanecer acompa\u00f1ados por sus padres en todo momento.<br \/>\u2022 Se permiten mascotas con un costo adicional de $50.000. Estas no deben subir a las camas<br \/>\u2022 Las mascotas pueden estar libres, siempre y cuando usted se responsabilice por posibles da\u00f1os.<br \/>\u2022 No se permiten altavoces o reproductores de m\u00fasica.<br \/>\u2022 No se permite el ingreso de bebidas alcoh\u00f3licas, ni alucin\u00f3genas.<\/p><p>\u2022 CHECK IN: A partir de las 15:00 PM<br \/>Solo por motivo de real fuerza mayor podr\u00e1s ingresar m\u00e1ximo a las 6 pm, despu\u00e9s de esta hora definitivamente no ser\u00e1 posible.<\/p><p>\u2022 CHECK OUT: La habitaci\u00f3n debes entregarla a las 13:00 pm (Debido al tiempo que tardan los protocolos de limpieza y bioseguridad para poder tenerla lista para el pr\u00f3ximo hu\u00e9sped), pero te puedes quedar en nuestras instalaciones hasta las 15:00 pm<\/p><p>\u2022 Si el d\u00eda de tu salida no hay otra reserva para tu habitaci\u00f3n, podr\u00e1s disponer de ella hasta tu partida.<\/p><p><br \/><strong>Pol\u00edticas de pago<\/strong><\/p><p>Tominejo es una empresa peque\u00f1a que cuenta con colaboraci\u00f3n y el apoyo de dos familias campesinas, con quienes tenemos un gran compromiso, es por esta raz\u00f3n que solicitamos a nuestros clientes hagan el pago del 100% antes de la llegada de sus reservas.<\/p><p>Las reservas se realizan exclusivamente a trav\u00e9s de nuestra pasarela de pagos en la p\u00e1gina web www.tominejoecolodge.com y los canales de pago Payu, Latam\u2026 ,Transferencia Bancaria, con el 100% del costo de la reserva, el cual var\u00eda de acuerdo al n\u00famero de noches, temporada y d\u00edas de la semana.<\/p><p><b>Pol\u00edticas de alimentaci\u00f3n<\/b><\/p><p>En Tominejo la cocina se maneja mediante el sistema \u201cslowfood\u201d, que consiste en hacer uso de las cosechas del momento e insumos locales y algunos cultivados en su huerta de agricultura limpia; es un men\u00fa equilibrado y fresco que busca nutrir el bienestar de sus visitantes y es preparado con gran esmero por el equipo de trabajo de la finca.<\/p><p>Se cuenta con opci\u00f3n vegetariana, en el proceso de reserva se registran las restricciones alimenticias para seleccionar men\u00fas seguros para los visitantes ya que el Ecolodge ofrece un \u00fanico men\u00fa en los diferentes momentos del d\u00eda basados en nuestros productos locales y las restricciones de los visitantes.<\/p><p>Con la finalidad de que la experiencia gastron\u00f3mica de sus hu\u00e9spedes sea acorde con sus expectativas y que la log\u00edstica as\u00ed lo permita, se ofrecen los siguientes horarios para el servicio de comedor:<\/p><p>Cena: 6:30-7:30 PM<br \/>Desayuno: 07:30-9:00 AM<br \/>Almuerzo: 12:30-1:30 PM<\/p><p><b>Tarifas de alimentaci\u00f3n<\/b><\/p><p>Desayuno: $15.000 por persona (En caso de ni\u00f1os menores de 5 a\u00f1os)<\/p><p>Almuerzo: $35.000 por persona<br \/>Incluye entrada, plato fuerte, postre y bebida natural<\/p><p>Cena: $35.000 por persona<br \/>Incluye entrada, plato fuerte, postre y bebida natural<\/p><p>Cena ligera: $20.000 por persona<br \/>Incluye plato fuerte y bebida natural<\/p><p>Men\u00fa infantil: $20.000 por persona<br \/>Incluye plato fuerte, postre y bebida natural<\/p><p><b>Tarifas alojamiento:<\/b><\/p><p>Piranga Roja:<br \/>$350.000 COP la noche para dos personas<br \/>Persona adicional: $120.000 COP<\/p><p>T\u00e1ngara Dorada:<br \/>$400.000 COP la noche para dos personas<br \/>Persona adicional: $150.000 COP<br \/>Ni\u00f1os menores de 5 a\u00f1os solo deber\u00e1n pagar el valor de la alimentaci\u00f3n seg\u00fan el cuadro de tarifas. Los ni\u00f1os de 6 a\u00f1os o mayores pagan tarifa normal.<\/p><p>Nota: Si su grupo es de cinco personas en adelante, le agradecemos contactarse directamente al correo reservas@tominejoecolodge.com<\/p>\t\t\t\t\t\t\t\t<\/div>\n\t\t\t\t<\/div>\n\t\t\t\t\t<\/div>\n\t\t<\/div>\n\t\t\t\t\t<\/div>\n\t\t<\/section>\n\t\t\t\t<\/div>\n\t\t","protected":false},"excerpt":{"rendered":"<p>Pol\u00edticas de Tominejo Ecolodge Piranga Roja:Es una estructura con una elevaci\u00f3n de 11 metros que le confiere una panor\u00e1mica muy especial hacia los doseles de los \u00e1rboles, ya que se encuentra inmersa en un espeso bosque. Tres hermosos \u00e1rboles se integran arm\u00f3nicamente a la casa. Cuenta con dos habitaciones tipo est\u00e1ndar, una ducha de concepto [&hellip;]<\/p>\n","protected":false},"author":1,"featured_media":0,"parent":0,"menu_order":0,"comment_status":"closed","ping_status":"closed","template":"","meta":{"site-sidebar-layout":"no-sidebar","site-content-layout":"page-builder","ast-site-content-layout":"default","site-content-style":"default","site-sidebar-style":"default","ast-global-header-display":"","ast-banner-title-visibility":"","ast-main-header-display":"","ast-hfb-above-header-display":"","ast-hfb-below-header-display":"","ast-hfb-mobile-header-display":"","site-post-title":"disabled","ast-breadcrumbs-content":"","ast-featured-img":"disabled","footer-sml-layout":"","ast-disable-related-posts":"","theme-transparent-header-meta":"","adv-header-id-meta":"","stick-header-meta":"","header-above-stick-meta":"","header-main-stick-meta":"","header-below-stick-meta":"","astra-migrate-meta-layouts":"default","ast-page-background-enabled":"default","ast-page-background-meta":{"desktop":{"background-color":"var(--ast-global-color-4)","background-image":"","background-repeat":"repeat","background-position":"center center","background-size":"auto","background-attachment":"scroll","background-type":"","background-media":"","overlay-type":"","overlay-color":"","overlay-opacity":"","overlay-gradient":""},"tablet":{"background-color":"","background-image":"","background-repeat":"repeat","background-position":"center center","background-size":"auto","background-attachment":"scroll","background-type":"","background-media":"","overlay-type":"","overlay-color":"","overlay-opacity":"","overlay-gradient":""},"mobile":{"background-color":"","background-image":"","background-repeat":"repeat","background-position":"center center","background-size":"auto","background-attachment":"scroll","background-type":"","background-media":"","overlay-type":"","overlay-color":"","overlay-opacity":"","overlay-gradient":""}},"ast-content-background-meta":{"desktop":{"background-color":"var(--ast-global-color-5)","background-image":"","background-repeat":"repeat","background-position":"center center","background-size":"auto","background-attachment":"scroll","background-type":"","background-media":"","overlay-type":"","overlay-color":"","overlay-opacity":"","overlay-gradient":""},"tablet":{"background-color":"var(--ast-global-color-5)","background-image":"","background-repeat":"repeat","background-position":"center center","background-size":"auto","background-attachment":"scroll","background-type":"","background-media":"","overlay-type":"","overlay-color":"","overlay-opacity":"","overlay-gradient":""},"mobile":{"background-color":"var(--ast-global-color-5)","background-image":"","background-repeat":"repeat","background-position":"center center","background-size":"auto","background-attachment":"scroll","background-type":"","background-media":"","overlay-type":"","overlay-color":"","overlay-opacity":"","overlay-gradient":""}},"_vp_format_video_url":"","_vp_image_focal_point":[],"_joinchat":[],"footnotes":""},"class_list":["post-1505","page","type-page","status-publish","hentry"],"aioseo_notices":[],"_links":{"self":[{"href":"https:\/\/tominejoecolodge.com\/en\/wp-json\/wp\/v2\/pages\/1505","targetHints":{"allow":["GET"]}}],"collection":[{"href":"https:\/\/tominejoecolodge.com\/en\/wp-json\/wp\/v2\/pages"}],"about":[{"href":"https:\/\/tominejoecolodge.com\/en\/wp-json\/wp\/v2\/types\/page"}],"author":[{"embeddable":true,"href":"https:\/\/tominejoecolodge.com\/en\/wp-json\/wp\/v2\/users\/1"}],"replies":[{"embeddable":true,"href":"https:\/\/tominejoecolodge.com\/en\/wp-json\/wp\/v2\/comments?post=1505"}],"version-history":[{"count":25,"href":"https:\/\/tominejoecolodge.com\/en\/wp-json\/wp\/v2\/pages\/1505\/revisions"}],"predecessor-version":[{"id":1665,"href":"https:\/\/tominejoecolodge.com\/en\/wp-json\/wp\/v2\/pages\/1505\/revisions\/1665"}],"wp:attachment":[{"href":"https:\/\/tominejoecolodge.com\/en\/wp-json\/wp\/v2\/media?parent=1505"}],"curies":[{"name":"wp","href":"https:\/\/api.w.org\/{rel}","templated":true}]}}